{"id":6,"date":"2023-09-13T06:26:36","date_gmt":"2023-09-13T06:26:36","guid":{"rendered":"https:\/\/attml.dk\/?page_id=6"},"modified":"2023-10-09T09:41:49","modified_gmt":"2023-10-09T07:41:49","slug":"kontakt","status":"publish","type":"page","link":"https:\/\/attml.dk\/?page_id=6","title":{"rendered":"Om"},"content":{"rendered":"\n<figure class=\"wp-block-image size-large\"><img loading=\"lazy\" decoding=\"async\" width=\"1024\" height=\"571\" src=\"https:\/\/attml.dk\/wp-content\/uploads\/2023\/10\/20220908_114112-scaled-e1696836511534-1024x571.jpg\" alt=\"\" class=\"wp-image-200\" srcset=\"https:\/\/attml.dk\/wp-content\/uploads\/2023\/10\/20220908_114112-scaled-e1696836511534-1024x571.jpg 1024w, https:\/\/attml.dk\/wp-content\/uploads\/2023\/10\/20220908_114112-scaled-e1696836511534-300x167.jpg 300w, https:\/\/attml.dk\/wp-content\/uploads\/2023\/10\/20220908_114112-scaled-e1696836511534-768x428.jpg 768w, https:\/\/attml.dk\/wp-content\/uploads\/2023\/10\/20220908_114112-scaled-e1696836511534-1536x856.jpg 1536w, https:\/\/attml.dk\/wp-content\/uploads\/2023\/10\/20220908_114112-scaled-e1696836511534-2048x1141.jpg 2048w\" sizes=\"auto, (max-width: 1024px) 100vw, 1024px\" \/><figcaption class=\"wp-element-caption\">Frankrig, 2022<\/figcaption><\/figure>\n\n\n\n<p>Vi &#8211; Teit og Anita &#8211; bor syd for Roskilde og har gjort det siden 1988. Vi er begge i starten af 60\u2019erne og vi har tre voksne b\u00f8rn. Vores liv har i store tr\u00e6k best\u00e5et af arbejde, familieliv og bygge til efterh\u00e5nden som behovene opstod. For cirka 4-5 \u00e5r siden flyttede vi til en mindre og mere vedligeholdelsesfri bolig, som vi indrettede til &#8211; om n\u00f8dvendigt &#8211; at kunne leje ud, hvis\/n\u00e5r rejselysten skulle melde sig.<br>Teit har arbejdet med software og Anita som fysioterapeut. Og nu har vi begge sagt vores jobs op, s\u00e5 m\u00e5 vi se, hvad arbejdslivet bringer senere.<\/p>\n\n\n\n<p>Vi har altid interresseret os for friluftsliv, har f.eks. i vores ungdom v\u00e6ret p\u00e5 flere lange cykelture i Sverige, Norge og Frankrig.<\/p>\n\n\n\n<figure class=\"wp-block-image size-large\"><img loading=\"lazy\" decoding=\"async\" width=\"1024\" height=\"768\" src=\"https:\/\/attml.dk\/wp-content\/uploads\/2023\/10\/20100727-0832-2-1024x768.jpg\" alt=\"\" class=\"wp-image-199\" srcset=\"https:\/\/attml.dk\/wp-content\/uploads\/2023\/10\/20100727-0832-2-1024x768.jpg 1024w, https:\/\/attml.dk\/wp-content\/uploads\/2023\/10\/20100727-0832-2-300x225.jpg 300w, https:\/\/attml.dk\/wp-content\/uploads\/2023\/10\/20100727-0832-2-768x576.jpg 768w, https:\/\/attml.dk\/wp-content\/uploads\/2023\/10\/20100727-0832-2-1536x1152.jpg 1536w, https:\/\/attml.dk\/wp-content\/uploads\/2023\/10\/20100727-0832-2-2048x1536.jpg 2048w\" sizes=\"auto, (max-width: 1024px) 100vw, 1024px\" \/><figcaption class=\"wp-element-caption\">Dovrefjell, 2010<\/figcaption><\/figure>\n\n\n\n<p>I 2010 tog vi det f\u00f8rste skridt udi vandring med rygs\u00e6k og telt. Med g\u00e6ngs udstyr fra de danske butikker tog vi p\u00e5 tur i Dovrefjell. Teit havde 25 kg og Anita 18 kg. Vi m\u00e5tte erkende at det var noget i overkanten. Meget lang historie gjort kort, s\u00e5 vendte vi blikket mod erfaringer prim\u00e6rt fra amerikanske langtursvandrere. Vi solgte stortset det meste og k\u00f8bte nyt og lettere udstyr.<br>Vi har siden v\u00e6ret p\u00e5 mange ture med dette udstyr i f.eks. Sverige, Norge, Frankrig, Tyrkiet, USA, Australien, og n\u00e5r dette skrives er vi i Nepal.<\/p>\n\n\n\n<p><\/p>\n\n\n\n<p><\/p>\n\n\n\n<h3 class=\"wp-block-heading\">Skriv til os<\/h3>\n\n\n\n<div class=\"wpcf7 no-js\" id=\"wpcf7-f10-o1\" lang=\"en-US\" dir=\"ltr\" data-wpcf7-id=\"10\">\n<div class=\"screen-reader-response\"><p role=\"status\" aria-live=\"polite\" aria-atomic=\"true\"><\/p> <ul><\/ul><\/div>\n<form action=\"\/index.php?rest_route=%2Fwp%2Fv2%2Fpages%2F6#wpcf7-f10-o1\" method=\"post\" class=\"wpcf7-form init\" aria-label=\"Contact form\" novalidate=\"novalidate\" data-status=\"init\">\n<fieldset class=\"hidden-fields-container\"><input type=\"hidden\" name=\"_wpcf7\" value=\"10\" \/><input type=\"hidden\" name=\"_wpcf7_version\" value=\"6.1.5\" \/><input type=\"hidden\" name=\"_wpcf7_locale\" value=\"en_US\" \/><input type=\"hidden\" name=\"_wpcf7_unit_tag\" value=\"wpcf7-f10-o1\" \/><input type=\"hidden\" name=\"_wpcf7_container_post\" value=\"0\" \/><input type=\"hidden\" name=\"_wpcf7_posted_data_hash\" value=\"\" \/>\n<\/fieldset>\n<p><label> Dit navn<br \/>\n<span class=\"wpcf7-form-control-wrap\" data-name=\"your-name\"><input size=\"40\" maxlength=\"400\" class=\"wpcf7-form-control wpcf7-text wpcf7-validates-as-required\" autocomplete=\"name\" aria-required=\"true\" aria-invalid=\"false\" value=\"\" type=\"text\" name=\"your-name\" \/><\/span> <\/label>\n<\/p>\n<p><label> Din email<br \/>\n<span class=\"wpcf7-form-control-wrap\" data-name=\"your-email\"><input size=\"40\" maxlength=\"400\" class=\"wpcf7-form-control wpcf7-email wpcf7-validates-as-required wpcf7-text wpcf7-validates-as-email\" autocomplete=\"email\" aria-required=\"true\" aria-invalid=\"false\" value=\"\" type=\"email\" name=\"your-email\" \/><\/span> <\/label>\n<\/p>\n<p><label> Emne<br \/>\n<span class=\"wpcf7-form-control-wrap\" data-name=\"your-subject\"><input size=\"40\" maxlength=\"400\" class=\"wpcf7-form-control wpcf7-text wpcf7-validates-as-required\" aria-required=\"true\" aria-invalid=\"false\" value=\"\" type=\"text\" name=\"your-subject\" \/><\/span> <\/label>\n<\/p>\n<p><label> Din besked<br \/>\n<span class=\"wpcf7-form-control-wrap\" data-name=\"your-message\"><textarea cols=\"40\" rows=\"10\" maxlength=\"2000\" class=\"wpcf7-form-control wpcf7-textarea\" aria-invalid=\"false\" name=\"your-message\"><\/textarea><\/span> <\/label>\n<\/p>\n<p><input class=\"wpcf7-form-control wpcf7-submit has-spinner\" type=\"submit\" value=\"Send\" \/>\n<\/p><div class=\"wpcf7-response-output\" aria-hidden=\"true\"><\/div>\n<\/form>\n<\/div>\n\n","protected":false},"excerpt":{"rendered":"<p>Vi &#8211; Teit og Anita &#8211; bor syd for Roskilde og har gjort det siden 1988. Vi er begge i starten af 60\u2019erne og vi har tre voksne b\u00f8rn. Vores liv har i store tr\u00e6k best\u00e5et af arbejde, familieliv og bygge til efterh\u00e5nden som behovene opstod. For cirka 4-5 \u00e5r siden flyttede vi til en [&hellip;]<\/p>\n","protected":false},"author":1,"featured_media":0,"parent":0,"menu_order":0,"comment_status":"closed","ping_status":"closed","template":"","meta":{"footnotes":""},"class_list":["post-6","page","type-page","status-publish","hentry"],"_links":{"self":[{"href":"https:\/\/attml.dk\/index.php?rest_route=\/wp\/v2\/pages\/6","targetHints":{"allow":["GET"]}}],"collection":[{"href":"https:\/\/attml.dk\/index.php?rest_route=\/wp\/v2\/pages"}],"about":[{"href":"https:\/\/attml.dk\/index.php?rest_route=\/wp\/v2\/types\/page"}],"author":[{"embeddable":true,"href":"https:\/\/attml.dk\/index.php?rest_route=\/wp\/v2\/users\/1"}],"replies":[{"embeddable":true,"href":"https:\/\/attml.dk\/index.php?rest_route=%2Fwp%2Fv2%2Fcomments&post=6"}],"version-history":[{"count":9,"href":"https:\/\/attml.dk\/index.php?rest_route=\/wp\/v2\/pages\/6\/revisions"}],"predecessor-version":[{"id":202,"href":"https:\/\/attml.dk\/index.php?rest_route=\/wp\/v2\/pages\/6\/revisions\/202"}],"wp:attachment":[{"href":"https:\/\/attml.dk\/index.php?rest_route=%2Fwp%2Fv2%2Fmedia&parent=6"}],"curies":[{"name":"wp","href":"https:\/\/api.w.org\/{rel}","templated":true}]}}